{"id":4233,"date":"2024-05-25T01:13:54","date_gmt":"2024-05-25T01:13:54","guid":{"rendered":"https:\/\/curlsnpearlsss.com\/?post_type=product&#038;p=4233"},"modified":"2024-05-25T01:49:22","modified_gmt":"2024-05-25T01:49:22","slug":"sazon-mug-2","status":"publish","type":"product","link":"https:\/\/curlsnpearlsss.com\/es\/product\/sazon-mug-2\/","title":{"rendered":"Taza"},"content":{"rendered":"<ul>\n<li>11 ounce mug, the perfect size for a caf\u00e9 con leche.<\/li>\n<li>Bright white ceramic, Exclusive design.<\/li>\n<li>FDA certified printing with high quality coating for durability.<\/li>\n<li>Dishwasher and Microwave safe.<\/li>\n<li>Hand-wash recommended.<\/li>\n<\/ul>","protected":false},"excerpt":{"rendered":"<p>This is an 11 ounce mug, the perfect size for a caf\u00e9 con leche. All items are made to order to ensure maximum quality. Expect tons of compliments when using this exclusive Made with Saz\u00f3n mug!<\/p>","protected":false},"featured_media":4240,"comment_status":"open","ping_status":"closed","template":"","meta":{"nf_dc_page":"","_mo_disable_npp":"","wprm-recipe-roundup-name":"","wprm-recipe-roundup-description":"","_monsterinsights_skip_tracking":false,"_monsterinsights_sitenote_active":false,"_monsterinsights_sitenote_note":"","_monsterinsights_sitenote_category":0,"site-sidebar-layout":"default","site-content-layout":"","ast-site-content-layout":"default","site-content-style":"default","site-sidebar-style":"default","ast-global-header-display":"","ast-banner-title-visibility":"","ast-main-header-display":"","ast-hfb-above-header-display":"","ast-hfb-below-header-display":"","ast-hfb-mobile-header-display":"","site-post-title":"","ast-breadcrumbs-content":"","ast-featured-img":"","footer-sml-layout":"","ast-disable-related-posts":"","theme-transparent-header-meta":"default","adv-header-id-meta":"","stick-header-meta":"","header-above-stick-meta":"","header-main-stick-meta":"","header-below-stick-meta":"","astra-migrate-meta-layouts":"set","ast-page-background-enabled":"default","ast-page-background-meta":{"desktop":{"background-color":"var(--ast-global-color-4)","background-image":"","background-repeat":"repeat","background-position":"center center","background-size":"auto","background-attachment":"scroll","background-type":"","background-media":"","overlay-type":"","overlay-color":"","overlay-opacity":"","overlay-gradient":""},"tablet":{"background-color":"","background-image":"","background-repeat":"repeat","background-position":"center center","background-size":"auto","background-attachment":"scroll","background-type":"","background-media":"","overlay-type":"","overlay-color":"","overlay-opacity":"","overlay-gradient":""},"mobile":{"background-color":"","background-image":"","background-repeat":"repeat","background-position":"center center","background-size":"auto","background-attachment":"scroll","background-type":"","background-media":"","overlay-type":"","overlay-color":"","overlay-opacity":"","overlay-gradient":""}},"ast-content-background-meta":{"desktop":{"background-color":"var(--ast-global-color-5)","background-image":"","background-repeat":"repeat","background-position":"center center","background-size":"auto","background-attachment":"scroll","background-type":"","background-media":"","overlay-type":"","overlay-color":"","overlay-opacity":"","overlay-gradient":""},"tablet":{"background-color":"var(--ast-global-color-5)","background-image":"","background-repeat":"repeat","background-position":"center center","background-size":"auto","background-attachment":"scroll","background-type":"","background-media":"","overlay-type":"","overlay-color":"","overlay-opacity":"","overlay-gradient":""},"mobile":{"background-color":"var(--ast-global-color-5)","background-image":"","background-repeat":"repeat","background-position":"center center","background-size":"auto","background-attachment":"scroll","background-type":"","background-media":"","overlay-type":"","overlay-color":"","overlay-opacity":"","overlay-gradient":""}},"_wp_convertkit_post_meta":{"form":"-1","landing_page":"","tag":"0","restrict_content":"0"}},"product_brand":[],"product_cat":[1639,1666],"product_tag":[1667,1675,1640,1668,1673,1672,1674],"class_list":{"0":"post-4233","1":"product","2":"type-product","3":"status-publish","4":"has-post-thumbnail","6":"product_cat-kitchen-items","7":"product_cat-mugs","8":"product_tag-coffee-mug","9":"product_tag-latinx-mugs","10":"product_tag-made-with-sazon","11":"product_tag-sazon-mug","12":"product_tag-tasa","13":"product_tag-tasa-de-cafe","14":"product_tag-tea-mug","15":"desktop-align-left","16":"tablet-align-left","17":"mobile-align-left","19":"first","20":"instock","21":"shipping-taxable","22":"purchasable","23":"product-type-simple"},"yoast_head":"<!-- This site is optimized with the Yoast SEO plugin v27.4 - https:\/\/yoast.com\/product\/yoast-seo-wordpress\/ -->\n<title>Saz\u00f3n Mug - Made with Saz\u00f3n<\/title>\n<meta name=\"robots\" content=\"index, follow, max-snippet:-1, max-image-preview:large, max-video-preview:-1\" \/>\n<link rel=\"canonical\" href=\"https:\/\/curlsnpearlsss.com\/es\/product\/sazon-mug-2\/\" \/>\n<meta property=\"og:locale\" content=\"es_ES\" \/>\n<meta property=\"og:type\" content=\"article\" \/>\n<meta property=\"og:title\" content=\"Saz\u00f3n Mug - Made with Saz\u00f3n\" \/>\n<meta property=\"og:description\" content=\"This is an 11 ounce mug, the perfect size for a caf\u00e9 con leche. All items are made to order to ensure maximum quality. Expect tons of compliments when using this exclusive Made with Saz\u00f3n mug!\" \/>\n<meta property=\"og:url\" content=\"https:\/\/curlsnpearlsss.com\/es\/product\/sazon-mug-2\/\" \/>\n<meta property=\"og:site_name\" content=\"Made with Saz\u00f3n\" \/>\n<meta property=\"article:modified_time\" content=\"2024-05-25T01:49:22+00:00\" \/>\n<meta property=\"og:image\" content=\"https:\/\/curlsnpearlsss.com\/wp-content\/uploads\/2024\/05\/Made-with-Sazon-mug-8-1.png\" \/>\n\t<meta property=\"og:image:width\" content=\"1080\" \/>\n\t<meta property=\"og:image:height\" content=\"1080\" \/>\n\t<meta property=\"og:image:type\" content=\"image\/png\" \/>\n<meta name=\"twitter:card\" content=\"summary_large_image\" \/>\n<meta name=\"twitter:label1\" content=\"Est. reading time\" \/>\n\t<meta name=\"twitter:data1\" content=\"1 minuto\" \/>\n<script type=\"application\/ld+json\" class=\"yoast-schema-graph\">{\"@context\":\"https:\\\/\\\/schema.org\",\"@graph\":[{\"@type\":\"WebPage\",\"@id\":\"https:\\\/\\\/curlsnpearlsss.com\\\/product\\\/sazon-mug-2\\\/\",\"url\":\"https:\\\/\\\/curlsnpearlsss.com\\\/product\\\/sazon-mug-2\\\/\",\"name\":\"Saz\u00f3n Mug - Made with Saz\u00f3n\",\"isPartOf\":{\"@id\":\"https:\\\/\\\/curlsnpearlsss.com\\\/#website\"},\"primaryImageOfPage\":{\"@id\":\"https:\\\/\\\/curlsnpearlsss.com\\\/product\\\/sazon-mug-2\\\/#primaryimage\"},\"image\":{\"@id\":\"https:\\\/\\\/curlsnpearlsss.com\\\/product\\\/sazon-mug-2\\\/#primaryimage\"},\"thumbnailUrl\":\"https:\\\/\\\/i0.wp.com\\\/curlsnpearlsss.com\\\/wp-content\\\/uploads\\\/2024\\\/05\\\/Made-with-Sazon-mug-8-1.png?fit=1080%2C1080&ssl=1\",\"datePublished\":\"2024-05-25T01:13:54+00:00\",\"dateModified\":\"2024-05-25T01:49:22+00:00\",\"breadcrumb\":{\"@id\":\"https:\\\/\\\/curlsnpearlsss.com\\\/product\\\/sazon-mug-2\\\/#breadcrumb\"},\"inLanguage\":\"es\",\"potentialAction\":[{\"@type\":\"ReadAction\",\"target\":[\"https:\\\/\\\/curlsnpearlsss.com\\\/product\\\/sazon-mug-2\\\/\"]}]},{\"@type\":\"ImageObject\",\"inLanguage\":\"es\",\"@id\":\"https:\\\/\\\/curlsnpearlsss.com\\\/product\\\/sazon-mug-2\\\/#primaryimage\",\"url\":\"https:\\\/\\\/i0.wp.com\\\/curlsnpearlsss.com\\\/wp-content\\\/uploads\\\/2024\\\/05\\\/Made-with-Sazon-mug-8-1.png?fit=1080%2C1080&ssl=1\",\"contentUrl\":\"https:\\\/\\\/i0.wp.com\\\/curlsnpearlsss.com\\\/wp-content\\\/uploads\\\/2024\\\/05\\\/Made-with-Sazon-mug-8-1.png?fit=1080%2C1080&ssl=1\",\"width\":1080,\"height\":1080,\"caption\":\"Sazon mug\"},{\"@type\":\"BreadcrumbList\",\"@id\":\"https:\\\/\\\/curlsnpearlsss.com\\\/product\\\/sazon-mug-2\\\/#breadcrumb\",\"itemListElement\":[{\"@type\":\"ListItem\",\"position\":1,\"name\":\"Home\",\"item\":\"https:\\\/\\\/curlsnpearlsss.com\\\/\"},{\"@type\":\"ListItem\",\"position\":2,\"name\":\"Shop Draft\",\"item\":\"https:\\\/\\\/curlsnpearlsss.com\\\/?page_id=3984\"},{\"@type\":\"ListItem\",\"position\":3,\"name\":\"Saz\u00f3n Mug\"}]},{\"@type\":\"WebSite\",\"@id\":\"https:\\\/\\\/curlsnpearlsss.com\\\/#website\",\"url\":\"https:\\\/\\\/curlsnpearlsss.com\\\/\",\"name\":\"Made with Saz\u00f3n\",\"description\":\"Latin + Caribbean Recipes | Made with Saz\u00f3n\",\"publisher\":{\"@id\":\"https:\\\/\\\/curlsnpearlsss.com\\\/#organization\"},\"potentialAction\":[{\"@type\":\"SearchAction\",\"target\":{\"@type\":\"EntryPoint\",\"urlTemplate\":\"https:\\\/\\\/curlsnpearlsss.com\\\/?s={search_term_string}\"},\"query-input\":{\"@type\":\"PropertyValueSpecification\",\"valueRequired\":true,\"valueName\":\"search_term_string\"}}],\"inLanguage\":\"es\"},{\"@type\":\"Organization\",\"@id\":\"https:\\\/\\\/curlsnpearlsss.com\\\/#organization\",\"name\":\"Made with Saz\u00f3n\",\"url\":\"https:\\\/\\\/curlsnpearlsss.com\\\/\",\"logo\":{\"@type\":\"ImageObject\",\"inLanguage\":\"es\",\"@id\":\"https:\\\/\\\/curlsnpearlsss.com\\\/#\\\/schema\\\/logo\\\/image\\\/\",\"url\":\"https:\\\/\\\/i0.wp.com\\\/curlsnpearlsss.com\\\/wp-content\\\/uploads\\\/2021\\\/11\\\/Made-with-sazon-Blog-banner-350-x-100-px.png?fit=350%2C100&ssl=1\",\"contentUrl\":\"https:\\\/\\\/i0.wp.com\\\/curlsnpearlsss.com\\\/wp-content\\\/uploads\\\/2021\\\/11\\\/Made-with-sazon-Blog-banner-350-x-100-px.png?fit=350%2C100&ssl=1\",\"width\":350,\"height\":100,\"caption\":\"Made with Saz\u00f3n\"},\"image\":{\"@id\":\"https:\\\/\\\/curlsnpearlsss.com\\\/#\\\/schema\\\/logo\\\/image\\\/\"}}]}<\/script>\n<!-- \/ Yoast SEO plugin. -->","yoast_head_json":{"title":"Saz\u00f3n Mug - Made with Saz\u00f3n","robots":{"index":"index","follow":"follow","max-snippet":"max-snippet:-1","max-image-preview":"max-image-preview:large","max-video-preview":"max-video-preview:-1"},"canonical":"https:\/\/curlsnpearlsss.com\/es\/product\/sazon-mug-2\/","og_locale":"es_ES","og_type":"article","og_title":"Saz\u00f3n Mug - Made with Saz\u00f3n","og_description":"This is an 11 ounce mug, the perfect size for a caf\u00e9 con leche. All items are made to order to ensure maximum quality. Expect tons of compliments when using this exclusive Made with Saz\u00f3n mug!","og_url":"https:\/\/curlsnpearlsss.com\/es\/product\/sazon-mug-2\/","og_site_name":"Made with Saz\u00f3n","article_modified_time":"2024-05-25T01:49:22+00:00","og_image":[{"width":1080,"height":1080,"url":"https:\/\/curlsnpearlsss.com\/wp-content\/uploads\/2024\/05\/Made-with-Sazon-mug-8-1.png","type":"image\/png"}],"twitter_card":"summary_large_image","twitter_misc":{"Est. reading time":"1 minuto"},"schema":{"@context":"https:\/\/schema.org","@graph":[{"@type":"WebPage","@id":"https:\/\/curlsnpearlsss.com\/product\/sazon-mug-2\/","url":"https:\/\/curlsnpearlsss.com\/product\/sazon-mug-2\/","name":"Saz\u00f3n Mug - Made with Saz\u00f3n","isPartOf":{"@id":"https:\/\/curlsnpearlsss.com\/#website"},"primaryImageOfPage":{"@id":"https:\/\/curlsnpearlsss.com\/product\/sazon-mug-2\/#primaryimage"},"image":{"@id":"https:\/\/curlsnpearlsss.com\/product\/sazon-mug-2\/#primaryimage"},"thumbnailUrl":"https:\/\/i0.wp.com\/curlsnpearlsss.com\/wp-content\/uploads\/2024\/05\/Made-with-Sazon-mug-8-1.png?fit=1080%2C1080&ssl=1","datePublished":"2024-05-25T01:13:54+00:00","dateModified":"2024-05-25T01:49:22+00:00","breadcrumb":{"@id":"https:\/\/curlsnpearlsss.com\/product\/sazon-mug-2\/#breadcrumb"},"inLanguage":"es","potentialAction":[{"@type":"ReadAction","target":["https:\/\/curlsnpearlsss.com\/product\/sazon-mug-2\/"]}]},{"@type":"ImageObject","inLanguage":"es","@id":"https:\/\/curlsnpearlsss.com\/product\/sazon-mug-2\/#primaryimage","url":"https:\/\/i0.wp.com\/curlsnpearlsss.com\/wp-content\/uploads\/2024\/05\/Made-with-Sazon-mug-8-1.png?fit=1080%2C1080&ssl=1","contentUrl":"https:\/\/i0.wp.com\/curlsnpearlsss.com\/wp-content\/uploads\/2024\/05\/Made-with-Sazon-mug-8-1.png?fit=1080%2C1080&ssl=1","width":1080,"height":1080,"caption":"Sazon mug"},{"@type":"BreadcrumbList","@id":"https:\/\/curlsnpearlsss.com\/product\/sazon-mug-2\/#breadcrumb","itemListElement":[{"@type":"ListItem","position":1,"name":"Home","item":"https:\/\/curlsnpearlsss.com\/"},{"@type":"ListItem","position":2,"name":"Shop Draft","item":"https:\/\/curlsnpearlsss.com\/?page_id=3984"},{"@type":"ListItem","position":3,"name":"Saz\u00f3n Mug"}]},{"@type":"WebSite","@id":"https:\/\/curlsnpearlsss.com\/#website","url":"https:\/\/curlsnpearlsss.com\/","name":"Made with Saz\u00f3n","description":"Latin + Caribbean Recipes | Made with Saz\u00f3n","publisher":{"@id":"https:\/\/curlsnpearlsss.com\/#organization"},"potentialAction":[{"@type":"SearchAction","target":{"@type":"EntryPoint","urlTemplate":"https:\/\/curlsnpearlsss.com\/?s={search_term_string}"},"query-input":{"@type":"PropertyValueSpecification","valueRequired":true,"valueName":"search_term_string"}}],"inLanguage":"es"},{"@type":"Organization","@id":"https:\/\/curlsnpearlsss.com\/#organization","name":"Made with Saz\u00f3n","url":"https:\/\/curlsnpearlsss.com\/","logo":{"@type":"ImageObject","inLanguage":"es","@id":"https:\/\/curlsnpearlsss.com\/#\/schema\/logo\/image\/","url":"https:\/\/i0.wp.com\/curlsnpearlsss.com\/wp-content\/uploads\/2021\/11\/Made-with-sazon-Blog-banner-350-x-100-px.png?fit=350%2C100&ssl=1","contentUrl":"https:\/\/i0.wp.com\/curlsnpearlsss.com\/wp-content\/uploads\/2021\/11\/Made-with-sazon-Blog-banner-350-x-100-px.png?fit=350%2C100&ssl=1","width":350,"height":100,"caption":"Made with Saz\u00f3n"},"image":{"@id":"https:\/\/curlsnpearlsss.com\/#\/schema\/logo\/image\/"}}]}},"jetpack_sharing_enabled":true,"_links":{"self":[{"href":"https:\/\/curlsnpearlsss.com\/es\/wp-json\/wp\/v2\/product\/4233","targetHints":{"allow":["GET"]}}],"collection":[{"href":"https:\/\/curlsnpearlsss.com\/es\/wp-json\/wp\/v2\/product"}],"about":[{"href":"https:\/\/curlsnpearlsss.com\/es\/wp-json\/wp\/v2\/types\/product"}],"replies":[{"embeddable":true,"href":"https:\/\/curlsnpearlsss.com\/es\/wp-json\/wp\/v2\/comments?post=4233"}],"wp:featuredmedia":[{"embeddable":true,"href":"https:\/\/curlsnpearlsss.com\/es\/wp-json\/wp\/v2\/media\/4240"}],"wp:attachment":[{"href":"https:\/\/curlsnpearlsss.com\/es\/wp-json\/wp\/v2\/media?parent=4233"}],"wp:term":[{"taxonomy":"product_brand","embeddable":true,"href":"https:\/\/curlsnpearlsss.com\/es\/wp-json\/wp\/v2\/product_brand?post=4233"},{"taxonomy":"product_cat","embeddable":true,"href":"https:\/\/curlsnpearlsss.com\/es\/wp-json\/wp\/v2\/product_cat?post=4233"},{"taxonomy":"product_tag","embeddable":true,"href":"https:\/\/curlsnpearlsss.com\/es\/wp-json\/wp\/v2\/product_tag?post=4233"}],"curies":[{"name":"wp","href":"https:\/\/api.w.org\/{rel}","templated":true}]}}