{"id":4121,"date":"2024-05-23T13:42:07","date_gmt":"2024-05-23T13:42:07","guid":{"rendered":"https:\/\/curlsnpearlsss.com\/?post_type=product&#038;p=4121"},"modified":"2024-08-24T00:23:14","modified_gmt":"2024-08-24T00:23:14","slug":"sazon-t-shirt-white","status":"publish","type":"product","link":"https:\/\/curlsnpearlsss.com\/es\/product\/sazon-t-shirt-white\/","title":{"rendered":"Saz\u00f3n T-shirt | White"},"content":{"rendered":"<p>This womens jersey t-shirt features a crew neck, short sleeves and a relaxed, loose fit for effortless style. Made from our super-soft 100% airlume cotton, this t-shirt feels light and comfortable.<\/p>\n<p>All items are made to order to ensure maximum quality. Expect tons of compliments when wearing this Made with Saz\u00f3n exclusive design!<\/p>\n<p><strong>STYLE # 6400<\/strong> &#8211; WOMEN&#8217;S RELAXED JERSEY SHORT SLEEVE TEE<br \/>\n<strong>FABRICATION &#8211; <\/strong>100% COMBED AND RING-SPUN COTTON<\/p>\n<p><strong>MEASUREMENT SPECIFICATION REPORT &#8211; <\/strong>Points of Measurement (inches)<\/p>\n<p><strong>S &#8211;<br \/>\n<\/strong><\/p>\n<p>Body Width &#8211; 1&#8243; Below A.H. 18 1\/2<\/p>\n<p>Body Length From HPS 25 1\/4<\/p>\n<p><strong>M<\/strong><\/p>\n<p>Body Width &#8211; 1&#8243; Below A.H.\u00a0 20<\/p>\n<p>Body Length From HPS\u00a0 26<\/p>\n<p><strong>L<br \/>\n<\/strong><\/p>\n<p>Body Width &#8211; 1&#8243; Below A.H.\u00a0 22<\/p>\n<p>Body Length From HPS \u00a0 26 3\/4<\/p>\n<p><strong>XL<br \/>\n<\/strong><\/p>\n<p>Body Width &#8211; 1&#8243; Below A.H.\u00a0 24<\/p>\n<p>Body Length From HPS\u00a0 27 1\/2<\/p>\n<p><strong>2XL<br \/>\n<\/strong><\/p>\n<p>Body Width &#8211; 1&#8243; Below A.H. \u00a0 26<\/p>\n<p>Body Length From HPS \u00a0 28 1\/4<\/p>\n<p><strong>\u00a03XL-<\/strong><\/p>\n<p>Body Width &#8211; 1&#8243; Below A.H. 28<\/p>\n<p>Body Length From HPS 29<\/p>\n<p><strong>Disclaimer:<\/strong> Please note that the above sizing chart is subject to change.<\/p>","protected":false},"excerpt":{"rendered":"<p>This womens jersey t-shirt features a crew neck, short sleeves and a relaxed, loose fit for effortless style. Made from our super-soft 100% airlume cotton, this t-shirt feels light and comfortable.<\/p>\n<p>All items are made to order to ensure maximum quality. Expect tons of compliments when wearing this Made with Saz\u00f3n exclusive design!<\/p>","protected":false},"featured_media":4005,"comment_status":"open","ping_status":"closed","template":"","meta":{"nf_dc_page":"","_mo_disable_npp":"","wprm-recipe-roundup-name":"","wprm-recipe-roundup-description":"","_monsterinsights_skip_tracking":false,"_monsterinsights_sitenote_active":false,"_monsterinsights_sitenote_note":"","_monsterinsights_sitenote_category":0,"site-sidebar-layout":"default","site-content-layout":"","ast-site-content-layout":"default","site-content-style":"default","site-sidebar-style":"default","ast-global-header-display":"","ast-banner-title-visibility":"","ast-main-header-display":"","ast-hfb-above-header-display":"","ast-hfb-below-header-display":"","ast-hfb-mobile-header-display":"","site-post-title":"","ast-breadcrumbs-content":"","ast-featured-img":"","footer-sml-layout":"","ast-disable-related-posts":"","theme-transparent-header-meta":"default","adv-header-id-meta":"","stick-header-meta":"","header-above-stick-meta":"","header-main-stick-meta":"","header-below-stick-meta":"","astra-migrate-meta-layouts":"set","ast-page-background-enabled":"default","ast-page-background-meta":{"desktop":{"background-color":"var(--ast-global-color-4)","background-image":"","background-repeat":"repeat","background-position":"center center","background-size":"auto","background-attachment":"scroll","background-type":"","background-media":"","overlay-type":"","overlay-color":"","overlay-opacity":"","overlay-gradient":""},"tablet":{"background-color":"","background-image":"","background-repeat":"repeat","background-position":"center center","background-size":"auto","background-attachment":"scroll","background-type":"","background-media":"","overlay-type":"","overlay-color":"","overlay-opacity":"","overlay-gradient":""},"mobile":{"background-color":"","background-image":"","background-repeat":"repeat","background-position":"center center","background-size":"auto","background-attachment":"scroll","background-type":"","background-media":"","overlay-type":"","overlay-color":"","overlay-opacity":"","overlay-gradient":""}},"ast-content-background-meta":{"desktop":{"background-color":"var(--ast-global-color-5)","background-image":"","background-repeat":"repeat","background-position":"center center","background-size":"auto","background-attachment":"scroll","background-type":"","background-media":"","overlay-type":"","overlay-color":"","overlay-opacity":"","overlay-gradient":""},"tablet":{"background-color":"var(--ast-global-color-5)","background-image":"","background-repeat":"repeat","background-position":"center center","background-size":"auto","background-attachment":"scroll","background-type":"","background-media":"","overlay-type":"","overlay-color":"","overlay-opacity":"","overlay-gradient":""},"mobile":{"background-color":"var(--ast-global-color-5)","background-image":"","background-repeat":"repeat","background-position":"center center","background-size":"auto","background-attachment":"scroll","background-type":"","background-media":"","overlay-type":"","overlay-color":"","overlay-opacity":"","overlay-gradient":""}},"_wp_convertkit_post_meta":{"form":"-1","landing_page":"","tag":"0","restrict_content":"0"}},"product_brand":[],"product_cat":[1638],"product_tag":[1641,1644,1640,1642,1643],"class_list":{"0":"post-4121","1":"product","2":"type-product","3":"status-publish","4":"has-post-thumbnail","6":"product_cat-t-shirt","7":"product_tag-latina-t-shirt","8":"product_tag-latinx-brand-t-shirt","9":"product_tag-made-with-sazon","10":"product_tag-sazon-t-shirt","11":"product_tag-t-shirt-for-latinas","12":"desktop-align-left","13":"tablet-align-left","14":"mobile-align-left","16":"first","17":"instock","18":"shipping-taxable","19":"purchasable","20":"product-type-variable"},"yoast_head":"<!-- This site is optimized with the Yoast SEO plugin v27.4 - https:\/\/yoast.com\/product\/yoast-seo-wordpress\/ -->\n<title>Saz\u00f3n T-shirt | White - Made with Saz\u00f3n<\/title>\n<meta name=\"description\" content=\"Saz\u00f3n T-shirt- White\" \/>\n<meta name=\"robots\" content=\"index, follow, max-snippet:-1, max-image-preview:large, max-video-preview:-1\" \/>\n<link rel=\"canonical\" href=\"https:\/\/curlsnpearlsss.com\/es\/product\/sazon-t-shirt-white\/\" \/>\n<meta property=\"og:locale\" content=\"es_ES\" \/>\n<meta property=\"og:type\" content=\"article\" \/>\n<meta property=\"og:title\" content=\"Saz\u00f3n T-shirt | White - Made with Saz\u00f3n\" \/>\n<meta property=\"og:description\" content=\"Saz\u00f3n T-shirt- White\" \/>\n<meta property=\"og:url\" content=\"https:\/\/curlsnpearlsss.com\/es\/product\/sazon-t-shirt-white\/\" \/>\n<meta property=\"og:site_name\" content=\"Made with Saz\u00f3n\" \/>\n<meta property=\"article:modified_time\" content=\"2024-08-24T00:23:14+00:00\" \/>\n<meta property=\"og:image\" content=\"https:\/\/curlsnpearlsss.com\/wp-content\/uploads\/2024\/05\/Made-with-Sazon-T-shirt-White.png\" \/>\n\t<meta property=\"og:image:width\" content=\"1200\" \/>\n\t<meta property=\"og:image:height\" content=\"1500\" \/>\n\t<meta property=\"og:image:type\" content=\"image\/png\" \/>\n<meta name=\"twitter:card\" content=\"summary_large_image\" \/>\n<meta name=\"twitter:label1\" content=\"Est. reading time\" \/>\n\t<meta name=\"twitter:data1\" content=\"1 minuto\" \/>\n<script type=\"application\/ld+json\" class=\"yoast-schema-graph\">{\"@context\":\"https:\\\/\\\/schema.org\",\"@graph\":[{\"@type\":\"WebPage\",\"@id\":\"https:\\\/\\\/curlsnpearlsss.com\\\/product\\\/sazon-t-shirt-white\\\/\",\"url\":\"https:\\\/\\\/curlsnpearlsss.com\\\/product\\\/sazon-t-shirt-white\\\/\",\"name\":\"Saz\u00f3n T-shirt | White - Made with Saz\u00f3n\",\"isPartOf\":{\"@id\":\"https:\\\/\\\/curlsnpearlsss.com\\\/#website\"},\"primaryImageOfPage\":{\"@id\":\"https:\\\/\\\/curlsnpearlsss.com\\\/product\\\/sazon-t-shirt-white\\\/#primaryimage\"},\"image\":{\"@id\":\"https:\\\/\\\/curlsnpearlsss.com\\\/product\\\/sazon-t-shirt-white\\\/#primaryimage\"},\"thumbnailUrl\":\"https:\\\/\\\/i0.wp.com\\\/curlsnpearlsss.com\\\/wp-content\\\/uploads\\\/2024\\\/05\\\/Made-with-Sazon-T-shirt-White.png?fit=1200%2C1500&ssl=1\",\"datePublished\":\"2024-05-23T13:42:07+00:00\",\"dateModified\":\"2024-08-24T00:23:14+00:00\",\"description\":\"Saz\u00f3n T-shirt- White\",\"breadcrumb\":{\"@id\":\"https:\\\/\\\/curlsnpearlsss.com\\\/product\\\/sazon-t-shirt-white\\\/#breadcrumb\"},\"inLanguage\":\"es\",\"potentialAction\":[{\"@type\":\"ReadAction\",\"target\":[\"https:\\\/\\\/curlsnpearlsss.com\\\/product\\\/sazon-t-shirt-white\\\/\"]}]},{\"@type\":\"ImageObject\",\"inLanguage\":\"es\",\"@id\":\"https:\\\/\\\/curlsnpearlsss.com\\\/product\\\/sazon-t-shirt-white\\\/#primaryimage\",\"url\":\"https:\\\/\\\/i0.wp.com\\\/curlsnpearlsss.com\\\/wp-content\\\/uploads\\\/2024\\\/05\\\/Made-with-Sazon-T-shirt-White.png?fit=1200%2C1500&ssl=1\",\"contentUrl\":\"https:\\\/\\\/i0.wp.com\\\/curlsnpearlsss.com\\\/wp-content\\\/uploads\\\/2024\\\/05\\\/Made-with-Sazon-T-shirt-White.png?fit=1200%2C1500&ssl=1\",\"width\":1200,\"height\":1500,\"caption\":\"Made with Saz\u00f3n T-shirt\"},{\"@type\":\"BreadcrumbList\",\"@id\":\"https:\\\/\\\/curlsnpearlsss.com\\\/product\\\/sazon-t-shirt-white\\\/#breadcrumb\",\"itemListElement\":[{\"@type\":\"ListItem\",\"position\":1,\"name\":\"Home\",\"item\":\"https:\\\/\\\/curlsnpearlsss.com\\\/\"},{\"@type\":\"ListItem\",\"position\":2,\"name\":\"Shop Draft\",\"item\":\"https:\\\/\\\/curlsnpearlsss.com\\\/?page_id=3984\"},{\"@type\":\"ListItem\",\"position\":3,\"name\":\"Saz\u00f3n T-shirt | White\"}]},{\"@type\":\"WebSite\",\"@id\":\"https:\\\/\\\/curlsnpearlsss.com\\\/#website\",\"url\":\"https:\\\/\\\/curlsnpearlsss.com\\\/\",\"name\":\"Made with Saz\u00f3n\",\"description\":\"Latin + Caribbean Recipes | Made with Saz\u00f3n\",\"publisher\":{\"@id\":\"https:\\\/\\\/curlsnpearlsss.com\\\/#organization\"},\"potentialAction\":[{\"@type\":\"SearchAction\",\"target\":{\"@type\":\"EntryPoint\",\"urlTemplate\":\"https:\\\/\\\/curlsnpearlsss.com\\\/?s={search_term_string}\"},\"query-input\":{\"@type\":\"PropertyValueSpecification\",\"valueRequired\":true,\"valueName\":\"search_term_string\"}}],\"inLanguage\":\"es\"},{\"@type\":\"Organization\",\"@id\":\"https:\\\/\\\/curlsnpearlsss.com\\\/#organization\",\"name\":\"Made with Saz\u00f3n\",\"url\":\"https:\\\/\\\/curlsnpearlsss.com\\\/\",\"logo\":{\"@type\":\"ImageObject\",\"inLanguage\":\"es\",\"@id\":\"https:\\\/\\\/curlsnpearlsss.com\\\/#\\\/schema\\\/logo\\\/image\\\/\",\"url\":\"https:\\\/\\\/i0.wp.com\\\/curlsnpearlsss.com\\\/wp-content\\\/uploads\\\/2021\\\/11\\\/Made-with-sazon-Blog-banner-350-x-100-px.png?fit=350%2C100&ssl=1\",\"contentUrl\":\"https:\\\/\\\/i0.wp.com\\\/curlsnpearlsss.com\\\/wp-content\\\/uploads\\\/2021\\\/11\\\/Made-with-sazon-Blog-banner-350-x-100-px.png?fit=350%2C100&ssl=1\",\"width\":350,\"height\":100,\"caption\":\"Made with Saz\u00f3n\"},\"image\":{\"@id\":\"https:\\\/\\\/curlsnpearlsss.com\\\/#\\\/schema\\\/logo\\\/image\\\/\"}}]}<\/script>\n<!-- \/ Yoast SEO plugin. -->","yoast_head_json":{"title":"Saz\u00f3n T-shirt | White - Made with Saz\u00f3n","description":"Saz\u00f3n T-shirt- White","robots":{"index":"index","follow":"follow","max-snippet":"max-snippet:-1","max-image-preview":"max-image-preview:large","max-video-preview":"max-video-preview:-1"},"canonical":"https:\/\/curlsnpearlsss.com\/es\/product\/sazon-t-shirt-white\/","og_locale":"es_ES","og_type":"article","og_title":"Saz\u00f3n T-shirt | White - Made with Saz\u00f3n","og_description":"Saz\u00f3n T-shirt- White","og_url":"https:\/\/curlsnpearlsss.com\/es\/product\/sazon-t-shirt-white\/","og_site_name":"Made with Saz\u00f3n","article_modified_time":"2024-08-24T00:23:14+00:00","og_image":[{"width":1200,"height":1500,"url":"https:\/\/curlsnpearlsss.com\/wp-content\/uploads\/2024\/05\/Made-with-Sazon-T-shirt-White.png","type":"image\/png"}],"twitter_card":"summary_large_image","twitter_misc":{"Est. reading time":"1 minuto"},"schema":{"@context":"https:\/\/schema.org","@graph":[{"@type":"WebPage","@id":"https:\/\/curlsnpearlsss.com\/product\/sazon-t-shirt-white\/","url":"https:\/\/curlsnpearlsss.com\/product\/sazon-t-shirt-white\/","name":"Saz\u00f3n T-shirt | White - Made with Saz\u00f3n","isPartOf":{"@id":"https:\/\/curlsnpearlsss.com\/#website"},"primaryImageOfPage":{"@id":"https:\/\/curlsnpearlsss.com\/product\/sazon-t-shirt-white\/#primaryimage"},"image":{"@id":"https:\/\/curlsnpearlsss.com\/product\/sazon-t-shirt-white\/#primaryimage"},"thumbnailUrl":"https:\/\/i0.wp.com\/curlsnpearlsss.com\/wp-content\/uploads\/2024\/05\/Made-with-Sazon-T-shirt-White.png?fit=1200%2C1500&ssl=1","datePublished":"2024-05-23T13:42:07+00:00","dateModified":"2024-08-24T00:23:14+00:00","description":"Saz\u00f3n T-shirt- White","breadcrumb":{"@id":"https:\/\/curlsnpearlsss.com\/product\/sazon-t-shirt-white\/#breadcrumb"},"inLanguage":"es","potentialAction":[{"@type":"ReadAction","target":["https:\/\/curlsnpearlsss.com\/product\/sazon-t-shirt-white\/"]}]},{"@type":"ImageObject","inLanguage":"es","@id":"https:\/\/curlsnpearlsss.com\/product\/sazon-t-shirt-white\/#primaryimage","url":"https:\/\/i0.wp.com\/curlsnpearlsss.com\/wp-content\/uploads\/2024\/05\/Made-with-Sazon-T-shirt-White.png?fit=1200%2C1500&ssl=1","contentUrl":"https:\/\/i0.wp.com\/curlsnpearlsss.com\/wp-content\/uploads\/2024\/05\/Made-with-Sazon-T-shirt-White.png?fit=1200%2C1500&ssl=1","width":1200,"height":1500,"caption":"Made with Saz\u00f3n T-shirt"},{"@type":"BreadcrumbList","@id":"https:\/\/curlsnpearlsss.com\/product\/sazon-t-shirt-white\/#breadcrumb","itemListElement":[{"@type":"ListItem","position":1,"name":"Home","item":"https:\/\/curlsnpearlsss.com\/"},{"@type":"ListItem","position":2,"name":"Shop Draft","item":"https:\/\/curlsnpearlsss.com\/?page_id=3984"},{"@type":"ListItem","position":3,"name":"Saz\u00f3n T-shirt | White"}]},{"@type":"WebSite","@id":"https:\/\/curlsnpearlsss.com\/#website","url":"https:\/\/curlsnpearlsss.com\/","name":"Made with Saz\u00f3n","description":"Latin + Caribbean Recipes | Made with Saz\u00f3n","publisher":{"@id":"https:\/\/curlsnpearlsss.com\/#organization"},"potentialAction":[{"@type":"SearchAction","target":{"@type":"EntryPoint","urlTemplate":"https:\/\/curlsnpearlsss.com\/?s={search_term_string}"},"query-input":{"@type":"PropertyValueSpecification","valueRequired":true,"valueName":"search_term_string"}}],"inLanguage":"es"},{"@type":"Organization","@id":"https:\/\/curlsnpearlsss.com\/#organization","name":"Made with Saz\u00f3n","url":"https:\/\/curlsnpearlsss.com\/","logo":{"@type":"ImageObject","inLanguage":"es","@id":"https:\/\/curlsnpearlsss.com\/#\/schema\/logo\/image\/","url":"https:\/\/i0.wp.com\/curlsnpearlsss.com\/wp-content\/uploads\/2021\/11\/Made-with-sazon-Blog-banner-350-x-100-px.png?fit=350%2C100&ssl=1","contentUrl":"https:\/\/i0.wp.com\/curlsnpearlsss.com\/wp-content\/uploads\/2021\/11\/Made-with-sazon-Blog-banner-350-x-100-px.png?fit=350%2C100&ssl=1","width":350,"height":100,"caption":"Made with Saz\u00f3n"},"image":{"@id":"https:\/\/curlsnpearlsss.com\/#\/schema\/logo\/image\/"}}]}},"jetpack_sharing_enabled":true,"_links":{"self":[{"href":"https:\/\/curlsnpearlsss.com\/es\/wp-json\/wp\/v2\/product\/4121","targetHints":{"allow":["GET"]}}],"collection":[{"href":"https:\/\/curlsnpearlsss.com\/es\/wp-json\/wp\/v2\/product"}],"about":[{"href":"https:\/\/curlsnpearlsss.com\/es\/wp-json\/wp\/v2\/types\/product"}],"replies":[{"embeddable":true,"href":"https:\/\/curlsnpearlsss.com\/es\/wp-json\/wp\/v2\/comments?post=4121"}],"wp:featuredmedia":[{"embeddable":true,"href":"https:\/\/curlsnpearlsss.com\/es\/wp-json\/wp\/v2\/media\/4005"}],"wp:attachment":[{"href":"https:\/\/curlsnpearlsss.com\/es\/wp-json\/wp\/v2\/media?parent=4121"}],"wp:term":[{"taxonomy":"product_brand","embeddable":true,"href":"https:\/\/curlsnpearlsss.com\/es\/wp-json\/wp\/v2\/product_brand?post=4121"},{"taxonomy":"product_cat","embeddable":true,"href":"https:\/\/curlsnpearlsss.com\/es\/wp-json\/wp\/v2\/product_cat?post=4121"},{"taxonomy":"product_tag","embeddable":true,"href":"https:\/\/curlsnpearlsss.com\/es\/wp-json\/wp\/v2\/product_tag?post=4121"}],"curies":[{"name":"wp","href":"https:\/\/api.w.org\/{rel}","templated":true}]}}