{"id":3988,"date":"2024-05-25T23:09:42","date_gmt":"2024-05-25T23:09:42","guid":{"rendered":"https:\/\/curlsnpearlsss.com\/?page_id=3988"},"modified":"2024-07-20T18:07:48","modified_gmt":"2024-07-20T18:07:48","slug":"refund-and-returns-policy","status":"publish","type":"page","link":"https:\/\/curlsnpearlsss.com\/es\/refund-and-returns-policy\/","title":{"rendered":"Refund and Returns Policy"},"content":{"rendered":"<div data-elementor-type=\"wp-page\" data-elementor-id=\"3988\" class=\"elementor elementor-3988\" data-elementor-post-type=\"page\">\n\t\t\t\t\t\t<section class=\"elementor-section elementor-top-section elementor-element elementor-element-2c82c4a2 elementor-section-boxed elementor-section-height-default elementor-section-height-default\" data-id=\"2c82c4a2\" data-element_type=\"section\" data-e-type=\"section\">\n\t\t\t\t\t\t<div class=\"elementor-container elementor-column-gap-default\">\n\t\t\t\t\t<div class=\"elementor-column elementor-col-100 elementor-top-column elementor-element elementor-element-5459a3e3\" data-id=\"5459a3e3\" data-element_type=\"column\" data-e-type=\"column\">\n\t\t\t<div class=\"elementor-widget-wrap elementor-element-populated\">\n\t\t\t\t\t\t<div class=\"elementor-element elementor-element-ad6977e elementor-widget elementor-widget-image\" data-id=\"ad6977e\" data-element_type=\"widget\" data-e-type=\"widget\" data-widget_type=\"image.default\">\n\t\t\t\t<div class=\"elementor-widget-container\">\n\t\t\t\t\t\t\t\t\t\t\t\t\t\t\t<img fetchpriority=\"high\" decoding=\"async\" width=\"1024\" height=\"576\" src=\"https:\/\/i0.wp.com\/curlsnpearlsss.com\/wp-content\/uploads\/2024\/02\/Made-with-Sazon-logo.png?fit=1024%2C576&amp;ssl=1\" class=\"attachment-large size-large wp-image-3502\" alt=\"Made with Sazon logo by Elena Gergis\" srcset=\"https:\/\/i0.wp.com\/curlsnpearlsss.com\/wp-content\/uploads\/2024\/02\/Made-with-Sazon-logo.png?w=2240&amp;ssl=1 2240w, https:\/\/i0.wp.com\/curlsnpearlsss.com\/wp-content\/uploads\/2024\/02\/Made-with-Sazon-logo.png?resize=300%2C169&amp;ssl=1 300w, https:\/\/i0.wp.com\/curlsnpearlsss.com\/wp-content\/uploads\/2024\/02\/Made-with-Sazon-logo.png?resize=1024%2C576&amp;ssl=1 1024w, https:\/\/i0.wp.com\/curlsnpearlsss.com\/wp-content\/uploads\/2024\/02\/Made-with-Sazon-logo.png?resize=768%2C432&amp;ssl=1 768w, https:\/\/i0.wp.com\/curlsnpearlsss.com\/wp-content\/uploads\/2024\/02\/Made-with-Sazon-logo.png?resize=1536%2C864&amp;ssl=1 1536w, https:\/\/i0.wp.com\/curlsnpearlsss.com\/wp-content\/uploads\/2024\/02\/Made-with-Sazon-logo.png?resize=2048%2C1152&amp;ssl=1 2048w, https:\/\/i0.wp.com\/curlsnpearlsss.com\/wp-content\/uploads\/2024\/02\/Made-with-Sazon-logo.png?resize=480%2C270&amp;ssl=1 480w\" sizes=\"(max-width: 1024px) 100vw, 1024px\" \/>\t\t\t\t\t\t\t\t\t\t\t\t\t\t\t<\/div>\n\t\t\t\t<\/div>\n\t\t\t\t<div class=\"elementor-element elementor-element-a3c8c9d elementor-widget elementor-widget-heading\" data-id=\"a3c8c9d\" data-element_type=\"widget\" data-e-type=\"widget\" data-widget_type=\"heading.default\">\n\t\t\t\t<div class=\"elementor-widget-container\">\n\t\t\t\t\t<h2 class=\"elementor-heading-title elementor-size-default\">Returns &amp; Refunds Policy<\/h2>\t\t\t\t<\/div>\n\t\t\t\t<\/div>\n\t\t\t\t<div class=\"elementor-element elementor-element-61648609 elementor-widget elementor-widget-text-editor\" data-id=\"61648609\" data-element_type=\"widget\" data-e-type=\"widget\" data-widget_type=\"text-editor.default\">\n\t\t\t\t<div class=\"elementor-widget-container\">\n\t\t\t\t\t\t\t\t\t<p><\/p>\n<h3 class=\"wp-block-heading\">\u00a1Queremos que est\u00e9s satisfecho con su pedido!<\/h3>\n<div>\u00a0<\/div>\n<p><\/p>\n<p class=\"\">Aceptaremos sus devoluciones hasta por 30 d\u00edas, si se comunica con nosotros por correo electr\u00f3nico dentro de los 5 d\u00edas de recibir su pedido.<\/p>\n<p><\/p>\n<p class=\"\">Por favor contacte a <strong><a href=\"mailto:madewithsazon@gmail.com\" target=\"_blank\" rel=\"noopener\">madewithsazon@gmail.com<\/a><\/strong>\u00a0para iniciar una devoluci\u00f3n. Su art\u00edculo ser\u00e1 cambiado o reembolsado si:<\/p>\n<p><\/p>\n<ul class=\"wp-block-list\">\n<li style=\"list-style-type: none;\">\n<ul class=\"\"><\/ul>\n<\/li>\n<\/ul>\n<ul class=\"\">\n<li style=\"list-style-type: none;\">\n<ul class=\"\">\n<li class=\"\">Usted se comunica con nosotros por correo electr\u00f3nico dentro de los 5 d\u00edas de recibir su pedido.<\/li>\n<\/ul>\n<\/li>\n<\/ul>\n<p><\/p>\n<ul class=\"\">\n<li style=\"list-style-type: none;\">\n<ul class=\"\">\n<li class=\"\">El art\u00edculo est\u00e1 en perfecto estado, no ha sido usado y tiene las etiquetas intactas, si corresponde.\u00a0<\/li>\n<\/ul>\n<\/li>\n<\/ul>\n<p><\/p>\n<p><\/p>\n<h3 class=\"wp-block-heading\">Correo<\/h3>\n<p><\/p>\n<p class=\"\">Tenga en cuenta que no somos responsables del costo del env\u00edo de devoluci\u00f3n. La etiqueta de env\u00edo se le enviar\u00e1 por correo electr\u00f3nico, pero el costo de env\u00edo se deducir\u00e1 de su reembolso.<\/p>\n<p><\/p>\n<p class=\"\">*Por favor, no env\u00ede su compra al fabricante. Le enviaremos una etiqueta de env\u00edo de devoluci\u00f3n con la direcci\u00f3n correcta.<\/p>\n<p><\/p>\n<h3 class=\"wp-block-heading\">\u00bfNecesitas m\u00e1s ayuda?<\/h3>\n<p><\/p>\n<p class=\"\">Cont\u00e1ctenos v\u00eda correo electr\u00f3nico a <strong><a href=\"mailto:madewithsazon@gmail.com\" target=\"_blank\" rel=\"noopener\">madewithsazon@gmail.com <\/a><\/strong>para preguntas relacionadas con pedidos, reembolsos y devoluciones.<\/p>\n<p><\/p>\t\t\t\t\t\t\t\t<\/div>\n\t\t\t\t<\/div>\n\t\t\t\t\t<\/div>\n\t\t<\/div>\n\t\t\t\t\t<\/div>\n\t\t<\/section>\n\t\t\t\t<section class=\"elementor-section elementor-top-section elementor-element elementor-element-a46d502 elementor-section-boxed elementor-section-height-default elementor-section-height-default\" data-id=\"a46d502\" data-element_type=\"section\" data-e-type=\"section\">\n\t\t\t\t\t\t<div class=\"elementor-container elementor-column-gap-default\">\n\t\t\t\t\t<div class=\"elementor-column elementor-col-100 elementor-top-column elementor-element elementor-element-2212428\" data-id=\"2212428\" data-element_type=\"column\" data-e-type=\"column\">\n\t\t\t<div class=\"elementor-widget-wrap\">\n\t\t\t\t\t\t\t<\/div>\n\t\t<\/div>\n\t\t\t\t\t<\/div>\n\t\t<\/section>\n\t\t\t\t<\/div>","protected":false},"excerpt":{"rendered":"<p>Returns &#038; Refunds Policy We want you to be happy with your order! \u00a0 We will accept your returns up to 30 days, if you contact us via email within 5 days of receipt. Please contact madewithsazon@gmail.com\u00a0to initiate a return. Your item will be exchanged or refunded as long as: Shipping Please note, we are [&hellip;]<\/p>\n","protected":false},"author":1,"featured_media":3502,"parent":0,"menu_order":0,"comment_status":"closed","ping_status":"closed","template":"","meta":{"nf_dc_page":"","_mo_disable_npp":"","wprm-recipe-roundup-name":"","wprm-recipe-roundup-description":"","_monsterinsights_skip_tracking":false,"_monsterinsights_sitenote_active":false,"_monsterinsights_sitenote_note":"","_monsterinsights_sitenote_category":0,"site-sidebar-layout":"default","site-content-layout":"","ast-site-content-layout":"default","site-content-style":"default","site-sidebar-style":"default","ast-global-header-display":"","ast-banner-title-visibility":"","ast-main-header-display":"","ast-hfb-above-header-display":"","ast-hfb-below-header-display":"","ast-hfb-mobile-header-display":"","site-post-title":"","ast-breadcrumbs-content":"","ast-featured-img":"","footer-sml-layout":"","ast-disable-related-posts":"","theme-transparent-header-meta":"","adv-header-id-meta":"","stick-header-meta":"","header-above-stick-meta":"","header-main-stick-meta":"","header-below-stick-meta":"","astra-migrate-meta-layouts":"set","ast-page-background-enabled":"default","ast-page-background-meta":{"desktop":{"background-color":"var(--ast-global-color-4)","background-image":"","background-repeat":"repeat","background-position":"center center","background-size":"auto","background-attachment":"scroll","background-type":"","background-media":"","overlay-type":"","overlay-color":"","overlay-opacity":"","overlay-gradient":""},"tablet":{"background-color":"","background-image":"","background-repeat":"repeat","background-position":"center center","background-size":"auto","background-attachment":"scroll","background-type":"","background-media":"","overlay-type":"","overlay-color":"","overlay-opacity":"","overlay-gradient":""},"mobile":{"background-color":"","background-image":"","background-repeat":"repeat","background-position":"center center","background-size":"auto","background-attachment":"scroll","background-type":"","background-media":"","overlay-type":"","overlay-color":"","overlay-opacity":"","overlay-gradient":""}},"ast-content-background-meta":{"desktop":{"background-color":"var(--ast-global-color-5)","background-image":"","background-repeat":"repeat","background-position":"center center","background-size":"auto","background-attachment":"scroll","background-type":"","background-media":"","overlay-type":"","overlay-color":"","overlay-opacity":"","overlay-gradient":""},"tablet":{"background-color":"var(--ast-global-color-5)","background-image":"","background-repeat":"repeat","background-position":"center center","background-size":"auto","background-attachment":"scroll","background-type":"","background-media":"","overlay-type":"","overlay-color":"","overlay-opacity":"","overlay-gradient":""},"mobile":{"background-color":"var(--ast-global-color-5)","background-image":"","background-repeat":"repeat","background-position":"center center","background-size":"auto","background-attachment":"scroll","background-type":"","background-media":"","overlay-type":"","overlay-color":"","overlay-opacity":"","overlay-gradient":""}},"_wp_convertkit_post_meta":{"form":"-1","landing_page":"0","tag":"0","restrict_content":"0"},"footnotes":""},"class_list":["post-3988","page","type-page","status-publish","has-post-thumbnail","hentry"],"yoast_head":"<!-- This site is optimized with the Yoast SEO plugin v27.4 - https:\/\/yoast.com\/product\/yoast-seo-wordpress\/ -->\n<title>Refund and Returns Policy - Made with Saz\u00f3n<\/title>\n<meta name=\"description\" content=\"We will accept your returns up to 30 days, if you are not content with the item, and contact us via email within 5 days of receipt.\" \/>\n<meta name=\"robots\" content=\"index, follow, max-snippet:-1, max-image-preview:large, max-video-preview:-1\" \/>\n<link rel=\"canonical\" href=\"https:\/\/curlsnpearlsss.com\/es\/refund-and-returns-policy\/\" \/>\n<meta property=\"og:locale\" content=\"es_ES\" \/>\n<meta property=\"og:type\" content=\"article\" \/>\n<meta property=\"og:title\" content=\"Refund and Returns Policy - Made with Saz\u00f3n\" \/>\n<meta property=\"og:description\" content=\"We will accept your returns up to 30 days, if you are not content with the item, and contact us via email within 5 days of receipt.\" \/>\n<meta property=\"og:url\" content=\"https:\/\/curlsnpearlsss.com\/es\/refund-and-returns-policy\/\" \/>\n<meta property=\"og:site_name\" content=\"Made with Saz\u00f3n\" \/>\n<meta property=\"article:modified_time\" content=\"2024-07-20T18:07:48+00:00\" \/>\n<meta property=\"og:image\" content=\"https:\/\/curlsnpearlsss.com\/wp-content\/uploads\/2024\/02\/Made-with-Sazon-logo.png\" \/>\n\t<meta property=\"og:image:width\" content=\"2240\" \/>\n\t<meta property=\"og:image:height\" content=\"1260\" \/>\n\t<meta property=\"og:image:type\" content=\"image\/png\" \/>\n<meta name=\"twitter:card\" content=\"summary_large_image\" \/>\n<meta name=\"twitter:label1\" content=\"Est. reading time\" \/>\n\t<meta name=\"twitter:data1\" content=\"1 minuto\" \/>\n<script type=\"application\/ld+json\" class=\"yoast-schema-graph\">{\"@context\":\"https:\\\/\\\/schema.org\",\"@graph\":[{\"@type\":\"WebPage\",\"@id\":\"https:\\\/\\\/curlsnpearlsss.com\\\/refund-and-returns-policy\\\/\",\"url\":\"https:\\\/\\\/curlsnpearlsss.com\\\/refund-and-returns-policy\\\/\",\"name\":\"Refund and Returns Policy - Made with Saz\u00f3n\",\"isPartOf\":{\"@id\":\"https:\\\/\\\/curlsnpearlsss.com\\\/#website\"},\"primaryImageOfPage\":{\"@id\":\"https:\\\/\\\/curlsnpearlsss.com\\\/refund-and-returns-policy\\\/#primaryimage\"},\"image\":{\"@id\":\"https:\\\/\\\/curlsnpearlsss.com\\\/refund-and-returns-policy\\\/#primaryimage\"},\"thumbnailUrl\":\"https:\\\/\\\/i0.wp.com\\\/curlsnpearlsss.com\\\/wp-content\\\/uploads\\\/2024\\\/02\\\/Made-with-Sazon-logo.png?fit=2240%2C1260&ssl=1\",\"datePublished\":\"2024-05-25T23:09:42+00:00\",\"dateModified\":\"2024-07-20T18:07:48+00:00\",\"description\":\"We will accept your returns up to 30 days, if you are not content with the item, and contact us via email within 5 days of receipt.\",\"breadcrumb\":{\"@id\":\"https:\\\/\\\/curlsnpearlsss.com\\\/refund-and-returns-policy\\\/#breadcrumb\"},\"inLanguage\":\"es\",\"potentialAction\":[{\"@type\":\"ReadAction\",\"target\":[\"https:\\\/\\\/curlsnpearlsss.com\\\/refund-and-returns-policy\\\/\"]}]},{\"@type\":\"ImageObject\",\"inLanguage\":\"es\",\"@id\":\"https:\\\/\\\/curlsnpearlsss.com\\\/refund-and-returns-policy\\\/#primaryimage\",\"url\":\"https:\\\/\\\/i0.wp.com\\\/curlsnpearlsss.com\\\/wp-content\\\/uploads\\\/2024\\\/02\\\/Made-with-Sazon-logo.png?fit=2240%2C1260&ssl=1\",\"contentUrl\":\"https:\\\/\\\/i0.wp.com\\\/curlsnpearlsss.com\\\/wp-content\\\/uploads\\\/2024\\\/02\\\/Made-with-Sazon-logo.png?fit=2240%2C1260&ssl=1\",\"width\":2240,\"height\":1260,\"caption\":\"Made with Sazon logo by Elena Gergis\"},{\"@type\":\"BreadcrumbList\",\"@id\":\"https:\\\/\\\/curlsnpearlsss.com\\\/refund-and-returns-policy\\\/#breadcrumb\",\"itemListElement\":[{\"@type\":\"ListItem\",\"position\":1,\"name\":\"Home\",\"item\":\"https:\\\/\\\/curlsnpearlsss.com\\\/\"},{\"@type\":\"ListItem\",\"position\":2,\"name\":\"Refund and Returns Policy\"}]},{\"@type\":\"WebSite\",\"@id\":\"https:\\\/\\\/curlsnpearlsss.com\\\/#website\",\"url\":\"https:\\\/\\\/curlsnpearlsss.com\\\/\",\"name\":\"Made with Saz\u00f3n\",\"description\":\"Latin + Caribbean Recipes | Made with Saz\u00f3n\",\"publisher\":{\"@id\":\"https:\\\/\\\/curlsnpearlsss.com\\\/#organization\"},\"potentialAction\":[{\"@type\":\"SearchAction\",\"target\":{\"@type\":\"EntryPoint\",\"urlTemplate\":\"https:\\\/\\\/curlsnpearlsss.com\\\/?s={search_term_string}\"},\"query-input\":{\"@type\":\"PropertyValueSpecification\",\"valueRequired\":true,\"valueName\":\"search_term_string\"}}],\"inLanguage\":\"es\"},{\"@type\":\"Organization\",\"@id\":\"https:\\\/\\\/curlsnpearlsss.com\\\/#organization\",\"name\":\"Made with Saz\u00f3n\",\"url\":\"https:\\\/\\\/curlsnpearlsss.com\\\/\",\"logo\":{\"@type\":\"ImageObject\",\"inLanguage\":\"es\",\"@id\":\"https:\\\/\\\/curlsnpearlsss.com\\\/#\\\/schema\\\/logo\\\/image\\\/\",\"url\":\"https:\\\/\\\/i0.wp.com\\\/curlsnpearlsss.com\\\/wp-content\\\/uploads\\\/2021\\\/11\\\/Made-with-sazon-Blog-banner-350-x-100-px.png?fit=350%2C100&ssl=1\",\"contentUrl\":\"https:\\\/\\\/i0.wp.com\\\/curlsnpearlsss.com\\\/wp-content\\\/uploads\\\/2021\\\/11\\\/Made-with-sazon-Blog-banner-350-x-100-px.png?fit=350%2C100&ssl=1\",\"width\":350,\"height\":100,\"caption\":\"Made with Saz\u00f3n\"},\"image\":{\"@id\":\"https:\\\/\\\/curlsnpearlsss.com\\\/#\\\/schema\\\/logo\\\/image\\\/\"}}]}<\/script>\n<!-- \/ Yoast SEO plugin. -->","yoast_head_json":{"title":"Refund and Returns Policy - Made with Saz\u00f3n","description":"We will accept your returns up to 30 days, if you are not content with the item, and contact us via email within 5 days of receipt.","robots":{"index":"index","follow":"follow","max-snippet":"max-snippet:-1","max-image-preview":"max-image-preview:large","max-video-preview":"max-video-preview:-1"},"canonical":"https:\/\/curlsnpearlsss.com\/es\/refund-and-returns-policy\/","og_locale":"es_ES","og_type":"article","og_title":"Refund and Returns Policy - Made with Saz\u00f3n","og_description":"We will accept your returns up to 30 days, if you are not content with the item, and contact us via email within 5 days of receipt.","og_url":"https:\/\/curlsnpearlsss.com\/es\/refund-and-returns-policy\/","og_site_name":"Made with Saz\u00f3n","article_modified_time":"2024-07-20T18:07:48+00:00","og_image":[{"width":2240,"height":1260,"url":"https:\/\/curlsnpearlsss.com\/wp-content\/uploads\/2024\/02\/Made-with-Sazon-logo.png","type":"image\/png"}],"twitter_card":"summary_large_image","twitter_misc":{"Est. reading time":"1 minuto"},"schema":{"@context":"https:\/\/schema.org","@graph":[{"@type":"WebPage","@id":"https:\/\/curlsnpearlsss.com\/refund-and-returns-policy\/","url":"https:\/\/curlsnpearlsss.com\/refund-and-returns-policy\/","name":"Refund and Returns Policy - Made with Saz\u00f3n","isPartOf":{"@id":"https:\/\/curlsnpearlsss.com\/#website"},"primaryImageOfPage":{"@id":"https:\/\/curlsnpearlsss.com\/refund-and-returns-policy\/#primaryimage"},"image":{"@id":"https:\/\/curlsnpearlsss.com\/refund-and-returns-policy\/#primaryimage"},"thumbnailUrl":"https:\/\/i0.wp.com\/curlsnpearlsss.com\/wp-content\/uploads\/2024\/02\/Made-with-Sazon-logo.png?fit=2240%2C1260&ssl=1","datePublished":"2024-05-25T23:09:42+00:00","dateModified":"2024-07-20T18:07:48+00:00","description":"We will accept your returns up to 30 days, if you are not content with the item, and contact us via email within 5 days of receipt.","breadcrumb":{"@id":"https:\/\/curlsnpearlsss.com\/refund-and-returns-policy\/#breadcrumb"},"inLanguage":"es","potentialAction":[{"@type":"ReadAction","target":["https:\/\/curlsnpearlsss.com\/refund-and-returns-policy\/"]}]},{"@type":"ImageObject","inLanguage":"es","@id":"https:\/\/curlsnpearlsss.com\/refund-and-returns-policy\/#primaryimage","url":"https:\/\/i0.wp.com\/curlsnpearlsss.com\/wp-content\/uploads\/2024\/02\/Made-with-Sazon-logo.png?fit=2240%2C1260&ssl=1","contentUrl":"https:\/\/i0.wp.com\/curlsnpearlsss.com\/wp-content\/uploads\/2024\/02\/Made-with-Sazon-logo.png?fit=2240%2C1260&ssl=1","width":2240,"height":1260,"caption":"Made with Sazon logo by Elena Gergis"},{"@type":"BreadcrumbList","@id":"https:\/\/curlsnpearlsss.com\/refund-and-returns-policy\/#breadcrumb","itemListElement":[{"@type":"ListItem","position":1,"name":"Home","item":"https:\/\/curlsnpearlsss.com\/"},{"@type":"ListItem","position":2,"name":"Refund and Returns Policy"}]},{"@type":"WebSite","@id":"https:\/\/curlsnpearlsss.com\/#website","url":"https:\/\/curlsnpearlsss.com\/","name":"Made with Saz\u00f3n","description":"Latin + Caribbean Recipes | Made with Saz\u00f3n","publisher":{"@id":"https:\/\/curlsnpearlsss.com\/#organization"},"potentialAction":[{"@type":"SearchAction","target":{"@type":"EntryPoint","urlTemplate":"https:\/\/curlsnpearlsss.com\/?s={search_term_string}"},"query-input":{"@type":"PropertyValueSpecification","valueRequired":true,"valueName":"search_term_string"}}],"inLanguage":"es"},{"@type":"Organization","@id":"https:\/\/curlsnpearlsss.com\/#organization","name":"Made with Saz\u00f3n","url":"https:\/\/curlsnpearlsss.com\/","logo":{"@type":"ImageObject","inLanguage":"es","@id":"https:\/\/curlsnpearlsss.com\/#\/schema\/logo\/image\/","url":"https:\/\/i0.wp.com\/curlsnpearlsss.com\/wp-content\/uploads\/2021\/11\/Made-with-sazon-Blog-banner-350-x-100-px.png?fit=350%2C100&ssl=1","contentUrl":"https:\/\/i0.wp.com\/curlsnpearlsss.com\/wp-content\/uploads\/2021\/11\/Made-with-sazon-Blog-banner-350-x-100-px.png?fit=350%2C100&ssl=1","width":350,"height":100,"caption":"Made with Saz\u00f3n"},"image":{"@id":"https:\/\/curlsnpearlsss.com\/#\/schema\/logo\/image\/"}}]}},"jetpack_sharing_enabled":true,"_links":{"self":[{"href":"https:\/\/curlsnpearlsss.com\/es\/wp-json\/wp\/v2\/pages\/3988","targetHints":{"allow":["GET"]}}],"collection":[{"href":"https:\/\/curlsnpearlsss.com\/es\/wp-json\/wp\/v2\/pages"}],"about":[{"href":"https:\/\/curlsnpearlsss.com\/es\/wp-json\/wp\/v2\/types\/page"}],"author":[{"embeddable":true,"href":"https:\/\/curlsnpearlsss.com\/es\/wp-json\/wp\/v2\/users\/1"}],"replies":[{"embeddable":true,"href":"https:\/\/curlsnpearlsss.com\/es\/wp-json\/wp\/v2\/comments?post=3988"}],"version-history":[{"count":5,"href":"https:\/\/curlsnpearlsss.com\/es\/wp-json\/wp\/v2\/pages\/3988\/revisions"}],"predecessor-version":[{"id":4670,"href":"https:\/\/curlsnpearlsss.com\/es\/wp-json\/wp\/v2\/pages\/3988\/revisions\/4670"}],"wp:featuredmedia":[{"embeddable":true,"href":"https:\/\/curlsnpearlsss.com\/es\/wp-json\/wp\/v2\/media\/3502"}],"wp:attachment":[{"href":"https:\/\/curlsnpearlsss.com\/es\/wp-json\/wp\/v2\/media?parent=3988"}],"curies":[{"name":"wp","href":"https:\/\/api.w.org\/{rel}","templated":true}]}}